{"id":1710,"date":"2020-05-26T18:17:41","date_gmt":"2020-05-26T16:17:41","guid":{"rendered":"https:\/\/butrulle.net\/?page_id=1710"},"modified":"2020-11-13T18:57:03","modified_gmt":"2020-11-13T16:57:03","slug":"la-belle-epoque-de-la-cibi","status":"publish","type":"page","link":"https:\/\/butrulle.net\/?page_id=1710","title":{"rendered":"La belle \u00e9poque de la CiBi&#8230;"},"content":{"rendered":"\t\t<div data-elementor-type=\"wp-page\" data-elementor-id=\"1710\" class=\"elementor elementor-1710\">\n\t\t\t\t\t\t<section class=\"elementor-section elementor-top-section elementor-element elementor-element-7bee054 elementor-section-boxed elementor-section-height-default elementor-section-height-default\" data-id=\"7bee054\" data-element_type=\"section\" data-e-type=\"section\">\n\t\t\t\t\t\t<div class=\"elementor-container elementor-column-gap-default\">\n\t\t\t\t\t<div class=\"elementor-column elementor-col-100 elementor-top-column elementor-element elementor-element-8fa58c0\" data-id=\"8fa58c0\" data-element_type=\"column\" data-e-type=\"column\">\n\t\t\t<div class=\"elementor-widget-wrap elementor-element-populated\">\n\t\t\t\t\t\t<div class=\"elementor-element elementor-element-514b834 elementor-widget elementor-widget-heading\" data-id=\"514b834\" data-element_type=\"widget\" data-e-type=\"widget\" data-widget_type=\"heading.default\">\n\t\t\t\t<div class=\"elementor-widget-container\">\n\t\t\t\t\t<h2 class=\"elementor-heading-title elementor-size-xl\">La belle \u00e9poque de la CiBi ...<\/h2>\t\t\t\t<\/div>\n\t\t\t\t<\/div>\n\t\t\t\t\t<\/div>\n\t\t<\/div>\n\t\t\t\t\t<\/div>\n\t\t<\/section>\n\t\t\t\t<section class=\"elementor-section elementor-top-section elementor-element elementor-element-8f4fe74 elementor-section-boxed elementor-section-height-default elementor-section-height-default\" data-id=\"8f4fe74\" data-element_type=\"section\" data-e-type=\"section\">\n\t\t\t\t\t\t<div class=\"elementor-container elementor-column-gap-default\">\n\t\t\t\t\t<div class=\"elementor-column elementor-col-66 elementor-top-column elementor-element elementor-element-9cd05f1\" data-id=\"9cd05f1\" data-element_type=\"column\" data-e-type=\"column\">\n\t\t\t<div class=\"elementor-widget-wrap elementor-element-populated\">\n\t\t\t\t\t\t<div class=\"elementor-element elementor-element-bf8424a elementor-widget elementor-widget-text-editor\" data-id=\"bf8424a\" data-element_type=\"widget\" data-e-type=\"widget\" data-widget_type=\"text-editor.default\">\n\t\t\t\t<div class=\"elementor-widget-container\">\n\t\t\t\t\t\t\t\t\t<p>La CiBi ? C&rsquo;est quoi ? Pour les jeunes qui ont connu toute leur vie, le t\u00e9l\u00e9phone portable, il est \u00e9vident que la CiBi, cela ne leur parle pas et c&rsquo;est normal. En effet, l&rsquo;arriv\u00e9e du portable et surtout sa diffusion rapide a largement contribu\u00e9 \u00e0 la mort de cette technique et de ce moyen de communication.&nbsp;<\/p>\n<p>D\u00e9j\u00e0 ce nom de \u00ab\u00a0CiBi\u00a0\u00bb peut sembler \u00e9trange mais il s&rsquo;explique assez facilement quand on connait un peu l&rsquo;origine de ce ph\u00e9nom\u00e8ne.&nbsp;<\/p>\n<p>Apr\u00e8s la fin de la seconde guerre mondiale, l&rsquo;arm\u00e9e am\u00e9ricaine qui utilisait la bande des 27 M\u00e9gahertz pour ses communications \u00e0 moyenne distance, a d\u00e9cid\u00e9 d&rsquo;abandonner cette fr\u00e9quence qui \u00e9tait beaucoup trop&nbsp; sujette \u00e0 des interf\u00e9rences industrielles et \u00e9lectriques. C&rsquo;est vrai que ces interf\u00e9rences (appel\u00e9es QRM en termes de radio-amateurs)&nbsp; ne sont pas id\u00e9ales pour avoir des communications&nbsp; s\u00fbres en temps de guerre. Les op\u00e9rateurs de l&rsquo;arm\u00e9e qui utilisaient cette bande de&nbsp; fr\u00e9quence, l&rsquo;appelaient la bande poubelle. Cette bande n&rsquo;\u00e9tant plus utilis\u00e9e par l&rsquo;arm\u00e9e, elle fut \u00ab\u00a0g\u00e9n\u00e9reusement\u00a0\u00bb offerte&nbsp; aux citoyens qui souhaitaient faire quelques exp\u00e9rience de communication. C&rsquo;est de l\u00e0 que vient le nom de cette fr\u00e9quence : La Citizen&rsquo;s Band, couramment appel\u00e9e la C.B. En France, comme on voulait conserver la prononciation \u00ab\u00a0Anglophone\u00a0\u00bb, ce qui faisait plus moderne, on l&rsquo;a d\u00e9nomm\u00e9e la CiBi&#8230;. \u00e7a fait mieux&#8230;<\/p>\n<p>Dans la foul\u00e9e, beaucoup de mat\u00e9riels radio utilisant cette fr\u00e9quence se sont retrouv\u00e9s dans les surplus de l&rsquo;arm\u00e9e am\u00e9ricaine. Ce mat\u00e9riel s&rsquo;est vite retrouv\u00e9 dans les v\u00e9hicules des chauffeurs routiers am\u00e9ricains qui pouvaient ainsi casser la monotonie de leurs longs parcours en discutant avec des coll\u00e8gues et aussi en signalant les accidents ou les contr\u00f4les routiers.&nbsp;<\/p>\n<p>Le bouche-\u00e0-oreille aidant, ce moyen de communication a vite conquis une grande partie des routiers am\u00e9ricains dans les ann\u00e9es 1960. Ce nouveau moyen de communication a fini par traverser l&rsquo;oc\u00e9an pour se r\u00e9pandre quelques ann\u00e9es plus tard en Europe. Les d\u00e9buts en France, remontent vers les ann\u00e9es 1975. Au paravent, on voyait bien quelques taxis ou des ambulanciers qui communiquaient entre eux gr\u00e2ce \u00e0 des petits \u00e9metteurs\/ r\u00e9cepteurs de la taille d&rsquo;un gros poste de radio. Ces \u00e9metteurs\/r\u00e9cepteurs ne disposaient que de quelques canaux. Les premiers postes de C.B. utilis\u00e9s en France par les routiers&nbsp; en 1975 poss\u00e9daient 40 canaux mais ils \u00e9taient encore bien rares.&nbsp; Faut savoir que la demande \u00e9tant encore inexistante, il y avait peu de vendeurs en France et les prix \u00e9taient&nbsp; inabordables.&nbsp; C&rsquo;est d&rsquo;ailleurs en profitant d&rsquo;un voyage en Italie que nous avons achet\u00e9 nos premiers talkies walkies fonctionnant sur cette bande. Ces talkies-Walkies avaient une puissance de 1,5 Watts, tout juste capables de faire des liaisons de 2 \u00e0 3 kilom\u00e8tres dans les meilleures conditions.&nbsp; Cela semble peu mais \u00e0 l&rsquo;\u00e9poque, alors que nous nous \u00e9tions perdus,&nbsp; cela nous a permis de nous retrouver et de continuer nos vacances tous ensembles.&nbsp;<\/p>\n<p>L&rsquo;ann\u00e9e suivante, comme nous partions en vacances dans le Midi, nous en avons profit\u00e9 pour aller&nbsp; \u00e0 Andorre o\u00f9 nous avons achet\u00e9 nos premiers postes de C.B.&nbsp;<\/p>\n<p>Ces postes \u00e9taient 3 fois moins chers qu&rsquo;en France et leur puissance \u00e9tait de 3 watts, ce qui permettaient des liaisons de 3 \u00e0 4 kilom\u00e8tres.&nbsp; Ces petits \u00e9metteurs ne disposaient que de 6 canaux et pour chaque canal, il fallait acheter un quartz pour l&rsquo;\u00e9mission et un quartz pour la r\u00e9ception. On a commenc\u00e9 \u00e0 acheter 2 \u00e0 3 paires de quartz pour pouvoir communiquer entre nous. Ces \u00e9metteurs n&rsquo;\u00e9tant pas autoris\u00e9s en France, afin de conserver un relatif anonymat, on se donnait des diminutifs \u00ab\u00a0JuJu\u00a0\u00bb et a \u00ab\u00a0Nanard\u00a0\u00bb et aussi \u00ab\u00a0Loulou\u00a0\u00bb pour Jean-Louis&#8230;jusqu&rsquo;au jour o\u00f9 nous sommes tomb\u00e9s sur une conversation entre 2 routiers. Ils se donnaient \u00e9galement des diminutifs et ils avaient un langage truff\u00e9 de termes dont on ignorait le sens. Sans le savoir, on \u00e9tait tomb\u00e9 sur les premiers cibistes. Cela signifiait \u00e9galement que nous faisions d\u00e9j\u00e0 de la C.B. sans le savoir&#8230;. Ensuite, cela a \u00e9t\u00e9 tr\u00e8s vite. On a appris le \u00ab\u00a0langage Cibiste\u00a0\u00bb et ses abr\u00e9viations qui d\u00e9coulent directement du monde des radio-amateurs. On a apprit \u00e0 utiliser le canal 19 qui \u00e9tait devenu le canal des routiers&nbsp; quand sont apparus les premiers postes de C.B. munis de 40 canaux.&nbsp;<\/p><p>La Cibi a perdur\u00e9 sur 2 \u00e0 3 decennies et, toutes les voitures que j&rsquo;ai eu de 1975 \u00e0 2002, ont toutes \u00e9t\u00e9 orn\u00e9es d&rsquo;une belle antenne de Cibi. Cependant ce ph\u00e9nomene a vite perdu de son utilit\u00e9 apr\u00e8s les ann\u00e9es 2000.&nbsp;<span style=\"font-size: 22px;\">La CiBi a vu son int\u00earet d\u00e9croitre pour deux raisons.<\/span><\/p>\n<p>La premi\u00e8re raison a \u00e9t\u00e9 la perte de son cot\u00e9 ludique que pouvaient apporter les conversations entre cibistes. En effet, la CiBi a \u00e9t\u00e9 victime de son succ\u00e8s. Le mat\u00e9riel \u00e9tait bon march\u00e9 et comme ce domaine \u00e9tait, dans les faits, libre de toute contrainte, une partie des nouveaux \u00ab\u00a0Cibistes\u00a0\u00bb n&rsquo;a pas compris qu&rsquo;il y avait un minimum de r\u00e8gles de bonne conduite \u00e0 respecter,&nbsp; sur les ondes comme partout.<span style=\"font-size: 22px;\">&nbsp;Pour le dire cr\u00fbment, c&rsquo;\u00e9tait devenu le bordel.&nbsp; Le cot\u00e9 convivial et bon-enfant de la CiBi s&rsquo;\u00e9tait estomp\u00e9.<\/span><\/p>\n<p><span style=\"font-size: 22px;\">&nbsp;Comme dans beaucoup de domaines, il suffit de quelques connards qui, se sentant \u00e0 l&rsquo;abri&nbsp; par l&rsquo;anonymat que procurent ces \u00e9metteurs, en profitaient pour g\u00eaner les conversations entre cibistes. On&nbsp; retrouve ce cot\u00e9 sombre dans les forums sur internet.<\/span><\/p>\n<p><span style=\"font-size: 22px;\">On regrette que l&rsquo;argent soit souvent une s\u00e9lection dans de nombreux domaines, mais il faut reconna\u00eetre que, statistiquement on rencontre moins d&rsquo;abrutis, dans les milieux ais\u00e9s.&nbsp; G\u00e9n\u00e9ralement, ces personnes ont b\u00e9n\u00e9fici\u00e9, aupr\u00e8s de leurs parents, d&rsquo;une certaine moralit\u00e9, du respect aux autres, bref, d&rsquo;une bonne \u00e9ducation.&nbsp;<\/span><\/p>\n<p>La seconde cause a \u00e9t\u00e9 la perte du cot\u00e9 utile de la Cibi du fait de l&rsquo;arriv\u00e9e et surtout de la d\u00e9mocratisation du t\u00e9l\u00e9phone mobile dans les ann\u00e9es 1988, puis l&rsquo;arriv\u00e9e des GPS apr\u00e8s 2004.<\/p>\n<p>Il n&#8217;emp\u00eache que la Cibi a connu une p\u00e9riode prosp\u00e8re entre 1975 et 2005 et pendant ces \u00ab\u00a0trente glorieuses de la Cibi\u00a0\u00bb j&rsquo;ai toujours eu une Cibi dans ma voiture. Bien longtemps, j&rsquo;ai eu \u00e9galement \u00ab\u00a0en fixe\u00a0\u00bb dans ma v\u00e9randa, une Cibi en base avec les \u00e9quipements indispensables que sont l&rsquo;antenne, l&rsquo;alimentation en 12 volts, le pr\u00e9ampli, l&rsquo;ampli (appel\u00e9 le Tonton), le micro-processeur, la boite de r\u00e9verb\u00e9ration (comme le micro-cath\u00e9drale) et les boites d&rsquo;accord.&nbsp;<\/p>\n<p>Ce passe-temps m&rsquo;a permis des milliers d&rsquo;heures de conversation avec des personnes du monde entier. Cependant, l&rsquo;arriv\u00e9e&nbsp; et la d\u00e9mocratisation d&rsquo;internet dans les ann\u00e9es 2000 ont fait que la Cibi est pass\u00e9 au second plan dans mes passe-temps avant de dispara\u00eetre d\u00e9finitivement.<\/p>\n<p>&nbsp;&nbsp;<\/p>\n<p>De nos jours, la CiBi a quasiment disparu. Il y a bien encore quelques utilisateurs chez les routiers et une partie des professionnels de la route mais il faut reconna\u00eetre que sur les centaines de milliers de poste de Cibi achet\u00e9s pendant ces 30 ann\u00e9es en France, seuls quelques milliers sont encore en service. Le reste dort dans des cartons dans des greniers ou des garages. On pourrait croire que la CiBi est d\u00e9finitivement morte&#8230;&#8230;mais, il reste encore beaucoup de nostalgiques des ann\u00e9es 1975\/2000 qui aimeraient revivre cette \u00e9poque. Comme on dit, le besoin cr\u00e9e l&rsquo;organe. C&rsquo;est ainsi que l&rsquo;on a vu appara\u00eetre, bien timidement,&nbsp; une application&nbsp; \u00ab\u00a0Cibi\u00a0\u00bb sur les smarthones Andro\u00efd et IOS&nbsp; en septembre 2018. Cette application s&rsquo;appelle CB TALK et, pour ceux qui seraient int\u00e9ress\u00e9s par cette application, je les invite \u00e0 aller voir du cot\u00e9 de <a href=\"http:\/\/claris.over-blog.com\/2018\/11\/cb-talk-de-midland-la-cb-2.0-comment-ca-marche.html\">cbwebinfo.com<\/a> qui est un excellent blog qui traite de la CiBi en g\u00e9n\u00e9ral et de cette application en particulier.&nbsp;<\/p>\n<p>Enfin, le concours pour obtenir sa licence de radio-amateur a bien \u00e9volu\u00e9 et devient beaucoup plus accessible. Par ailleurs, il est pr\u00e9vu de revenir \u00e0 un examen \u00e0 plusieurs niveaux, comme en Angleterre et aux USA, ce qui permettrait de passer une licence \u00ab\u00a0Novice\u00a0\u00bb et de pouvoir ainsi prendre le micro avant d&rsquo;\u00e9voluer dans les licences suivantes.&nbsp; Cette discipline \u00e9tant bien \u00ab\u00a0cadr\u00e9e\u00a0\u00bb, on y retrouve peu de perturbateurs mais beaucoup de passionn\u00e9s. Si vous \u00eates int\u00e9ress\u00e9 par ce sujet, je vous invite \u00e0 d\u00e9couvrir le blog :&nbsp; le radioscope.fr<\/p>\t\t\t\t\t\t\t\t<\/div>\n\t\t\t\t<\/div>\n\t\t\t\t\t<\/div>\n\t\t<\/div>\n\t\t\t\t<div class=\"jet-sticky-column-sticky elementor-column elementor-col-33 elementor-top-column elementor-element elementor-element-d094378\" data-jet-sticky-column-settings=\"{&quot;id&quot;:&quot;d094378&quot;,&quot;sticky&quot;:true,&quot;topSpacing&quot;:50,&quot;bottomSpacing&quot;:50,&quot;stickyOn&quot;:[&quot;desktop&quot;,&quot;tablet&quot;]}\" data-id=\"d094378\" data-element_type=\"column\" data-e-type=\"column\">\n\t\t\t<div class=\"elementor-widget-wrap elementor-element-populated\">\n\t\t\t\t\t\t<div class=\"elementor-element elementor-element-0ca1ba3 elementor-widget elementor-widget-text-editor\" data-id=\"0ca1ba3\" data-element_type=\"widget\" data-e-type=\"widget\" data-widget_type=\"text-editor.default\">\n\t\t\t\t<div class=\"elementor-widget-container\">\n\t\t\t\t\t\t\t\t\t<p><strong>En cours de cr\u00e9ation :<\/strong><\/p><p><strong>Quelques articles qui pourraient vous interesser<\/strong><\/p><ul><li>Nos ann\u00e9es Camping\/Caravaning<\/li><li><a href=\"https:\/\/butrulle.net\/?page_id=1712\">Nos premiers d\u00e9tecteurs de m\u00e9taux<\/a><\/li><li><a href=\"https:\/\/butrulle.net\/?page_id=1714\">Premiers pas avec WordPress<\/a><\/li><li><a href=\"https:\/\/butrulle.net\/?page_id=1706\">Derni\u00e8res nouvelles<\/a>&#8230;<\/li><li><a href=\"https:\/\/butrulle.net\/?page_id=72\">Notre g\u00e9n\u00e9alogie<\/a><\/li><li><a href=\"https:\/\/butrulle.net\/?page_id=1310\">Notre R\u00e9gion<\/a><\/li><li><a href=\"https:\/\/butrulle.net\/?page_id=1319\">Contactez-nous<\/a><\/li><\/ul>\t\t\t\t\t\t\t\t<\/div>\n\t\t\t\t<\/div>\n\t\t\t\t\t<\/div>\n\t\t<\/div>\n\t\t\t\t\t<\/div>\n\t\t<\/section>\n\t\t\t\t<section class=\"elementor-section elementor-top-section elementor-element elementor-element-4b29015 elementor-section-boxed elementor-section-height-default elementor-section-height-default\" data-id=\"4b29015\" data-element_type=\"section\" data-e-type=\"section\">\n\t\t\t\t\t\t<div class=\"elementor-container elementor-column-gap-default\">\n\t\t\t\t\t<div class=\"elementor-column elementor-col-100 elementor-top-column elementor-element elementor-element-d61d0f5\" data-id=\"d61d0f5\" data-element_type=\"column\" data-e-type=\"column\">\n\t\t\t<div class=\"elementor-widget-wrap elementor-element-populated\">\n\t\t\t\t\t\t<div class=\"elementor-element elementor-element-04c6e93 elementor-widget elementor-widget-image\" data-id=\"04c6e93\" data-element_type=\"widget\" data-e-type=\"widget\" data-widget_type=\"image.default\">\n\t\t\t\t<div class=\"elementor-widget-container\">\n\t\t\t\t\t\t\t\t\t\t\t\t\t\t\t<img fetchpriority=\"high\" decoding=\"async\" width=\"1024\" height=\"163\" src=\"https:\/\/butrulle.net\/wp-content\/uploads\/2020\/05\/postes-CIBI-1024x163.jpg\" class=\"attachment-large size-large wp-image-1780\" alt=\"postes CiBi\" srcset=\"https:\/\/butrulle.net\/wp-content\/uploads\/2020\/05\/postes-CIBI-1024x163.jpg 1024w, https:\/\/butrulle.net\/wp-content\/uploads\/2020\/05\/postes-CIBI-300x48.jpg 300w, https:\/\/butrulle.net\/wp-content\/uploads\/2020\/05\/postes-CIBI-768x122.jpg 768w, https:\/\/butrulle.net\/wp-content\/uploads\/2020\/05\/postes-CIBI-1536x245.jpg 1536w, https:\/\/butrulle.net\/wp-content\/uploads\/2020\/05\/postes-CIBI-2048x326.jpg 2048w\" sizes=\"(max-width: 1024px) 100vw, 1024px\" \/>\t\t\t\t\t\t\t\t\t\t\t\t\t\t\t<\/div>\n\t\t\t\t<\/div>\n\t\t\t\t\t<\/div>\n\t\t<\/div>\n\t\t\t\t\t<\/div>\n\t\t<\/section>\n\t\t\t\t<\/div>\n\t\t","protected":false},"excerpt":{"rendered":"<p>La belle \u00e9poque de la CiBi &#8230; La CiBi ? C&rsquo;est quoi ? Pour les jeunes qui ont connu toute leur vie, le t\u00e9l\u00e9phone portable, il est \u00e9vident que la CiBi, cela ne leur parle pas et c&rsquo;est normal. En effet, l&rsquo;arriv\u00e9e du portable et surtout sa diffusion rapide a largement contribu\u00e9 \u00e0 la mort [&hellip;]<\/p>\n","protected":false},"author":1,"featured_media":0,"parent":0,"menu_order":0,"comment_status":"closed","ping_status":"closed","template":"elementor_header_footer","meta":{"ocean_post_layout":"","ocean_both_sidebars_style":"","ocean_both_sidebars_content_width":0,"ocean_both_sidebars_sidebars_width":0,"ocean_sidebar":"","ocean_second_sidebar":"","ocean_disable_margins":"enable","ocean_add_body_class":"","ocean_shortcode_before_top_bar":"","ocean_shortcode_after_top_bar":"","ocean_shortcode_before_header":"","ocean_shortcode_after_header":"","ocean_has_shortcode":"","ocean_shortcode_after_title":"","ocean_shortcode_before_footer_widgets":"","ocean_shortcode_after_footer_widgets":"","ocean_shortcode_before_footer_bottom":"","ocean_shortcode_after_footer_bottom":"","ocean_display_top_bar":"default","ocean_display_header":"default","ocean_header_style":"","ocean_center_header_left_menu":"","ocean_custom_header_template":"","ocean_custom_logo":0,"ocean_custom_retina_logo":0,"ocean_custom_logo_max_width":0,"ocean_custom_logo_tablet_max_width":0,"ocean_custom_logo_mobile_max_width":0,"ocean_custom_logo_max_height":0,"ocean_custom_logo_tablet_max_height":0,"ocean_custom_logo_mobile_max_height":0,"ocean_header_custom_menu":"","ocean_menu_typo_font_family":"","ocean_menu_typo_font_subset":"","ocean_menu_typo_font_size":0,"ocean_menu_typo_font_size_tablet":0,"ocean_menu_typo_font_size_mobile":0,"ocean_menu_typo_font_size_unit":"px","ocean_menu_typo_font_weight":"","ocean_menu_typo_font_weight_tablet":"","ocean_menu_typo_font_weight_mobile":"","ocean_menu_typo_transform":"","ocean_menu_typo_transform_tablet":"","ocean_menu_typo_transform_mobile":"","ocean_menu_typo_line_height":0,"ocean_menu_typo_line_height_tablet":0,"ocean_menu_typo_line_height_mobile":0,"ocean_menu_typo_line_height_unit":"","ocean_menu_typo_spacing":0,"ocean_menu_typo_spacing_tablet":0,"ocean_menu_typo_spacing_mobile":0,"ocean_menu_typo_spacing_unit":"","ocean_menu_link_color":"","ocean_menu_link_color_hover":"","ocean_menu_link_color_active":"","ocean_menu_link_background":"","ocean_menu_link_hover_background":"","ocean_menu_link_active_background":"","ocean_menu_social_links_bg":"","ocean_menu_social_hover_links_bg":"","ocean_menu_social_links_color":"","ocean_menu_social_hover_links_color":"","ocean_disable_title":"default","ocean_disable_heading":"default","ocean_post_title":"","ocean_post_subheading":"","ocean_post_title_style":"","ocean_post_title_background_color":"","ocean_post_title_background":0,"ocean_post_title_bg_image_position":"","ocean_post_title_bg_image_attachment":"","ocean_post_title_bg_image_repeat":"","ocean_post_title_bg_image_size":"","ocean_post_title_height":0,"ocean_post_title_bg_overlay":0.5,"ocean_post_title_bg_overlay_color":"","ocean_disable_breadcrumbs":"default","ocean_breadcrumbs_color":"","ocean_breadcrumbs_separator_color":"","ocean_breadcrumbs_links_color":"","ocean_breadcrumbs_links_hover_color":"","ocean_display_footer_widgets":"default","ocean_display_footer_bottom":"default","ocean_custom_footer_template":"","footnotes":""},"class_list":["post-1710","page","type-page","status-publish","hentry","entry"],"_links":{"self":[{"href":"https:\/\/butrulle.net\/index.php?rest_route=\/wp\/v2\/pages\/1710","targetHints":{"allow":["GET"]}}],"collection":[{"href":"https:\/\/butrulle.net\/index.php?rest_route=\/wp\/v2\/pages"}],"about":[{"href":"https:\/\/butrulle.net\/index.php?rest_route=\/wp\/v2\/types\/page"}],"author":[{"embeddable":true,"href":"https:\/\/butrulle.net\/index.php?rest_route=\/wp\/v2\/users\/1"}],"replies":[{"embeddable":true,"href":"https:\/\/butrulle.net\/index.php?rest_route=%2Fwp%2Fv2%2Fcomments&post=1710"}],"version-history":[{"count":33,"href":"https:\/\/butrulle.net\/index.php?rest_route=\/wp\/v2\/pages\/1710\/revisions"}],"predecessor-version":[{"id":2140,"href":"https:\/\/butrulle.net\/index.php?rest_route=\/wp\/v2\/pages\/1710\/revisions\/2140"}],"wp:attachment":[{"href":"https:\/\/butrulle.net\/index.php?rest_route=%2Fwp%2Fv2%2Fmedia&parent=1710"}],"curies":[{"name":"wp","href":"https:\/\/api.w.org\/{rel}","templated":true}]}}