{"id":1706,"date":"2020-05-26T18:11:37","date_gmt":"2020-05-26T16:11:37","guid":{"rendered":"https:\/\/butrulle.net\/?page_id=1706"},"modified":"2020-11-13T18:19:31","modified_gmt":"2020-11-13T16:19:31","slug":"dernieres-nouvelles","status":"publish","type":"page","link":"https:\/\/butrulle.net\/?page_id=1706","title":{"rendered":"Derni\u00e8res nouvelles&#8230;"},"content":{"rendered":"\t\t<div data-elementor-type=\"wp-page\" data-elementor-id=\"1706\" class=\"elementor elementor-1706\">\n\t\t\t\t\t\t<section class=\"elementor-section elementor-top-section elementor-element elementor-element-9554bc7 elementor-section-boxed elementor-section-height-default elementor-section-height-default\" data-id=\"9554bc7\" data-element_type=\"section\" data-e-type=\"section\">\n\t\t\t\t\t\t<div class=\"elementor-container elementor-column-gap-default\">\n\t\t\t\t\t<div class=\"elementor-column elementor-col-100 elementor-top-column elementor-element elementor-element-576695c\" data-id=\"576695c\" data-element_type=\"column\" data-e-type=\"column\">\n\t\t\t<div class=\"elementor-widget-wrap elementor-element-populated\">\n\t\t\t\t\t\t<div class=\"elementor-element elementor-element-6ba70d5 elementor-widget elementor-widget-heading\" data-id=\"6ba70d5\" data-element_type=\"widget\" data-e-type=\"widget\" data-widget_type=\"heading.default\">\n\t\t\t\t<div class=\"elementor-widget-container\">\n\t\t\t\t\t<h2 class=\"elementor-heading-title elementor-size-xl\">Derni\u00e8res nouvelles...<\/h2>\t\t\t\t<\/div>\n\t\t\t\t<\/div>\n\t\t\t\t\t<\/div>\n\t\t<\/div>\n\t\t\t\t\t<\/div>\n\t\t<\/section>\n\t\t\t\t<section class=\"elementor-section elementor-top-section elementor-element elementor-element-1521f79 elementor-section-boxed elementor-section-height-default elementor-section-height-default\" data-id=\"1521f79\" data-element_type=\"section\" data-e-type=\"section\">\n\t\t\t\t\t\t<div class=\"elementor-container elementor-column-gap-default\">\n\t\t\t\t\t<div class=\"elementor-column elementor-col-100 elementor-top-column elementor-element elementor-element-1eb1eef\" data-id=\"1eb1eef\" data-element_type=\"column\" data-e-type=\"column\">\n\t\t\t<div class=\"elementor-widget-wrap elementor-element-populated\">\n\t\t\t\t\t\t<div class=\"elementor-element elementor-element-4a80fa8 elementor-widget elementor-widget-text-editor\" data-id=\"4a80fa8\" data-element_type=\"widget\" data-e-type=\"widget\" data-widget_type=\"text-editor.default\">\n\t\t\t\t<div class=\"elementor-widget-container\">\n\t\t\t\t\t\t\t\t\t<p>Dans cette page, vous allez d\u00e9couvrir les derni\u00e8res anecdotes\u00a0 portant sur notre famille, notre r\u00e9gion et les r\u00e9flexions qui nous viennent \u00e0 l&rsquo;esprit face \u00e0 l&rsquo;actualit\u00e9.\u00a0<\/p>\t\t\t\t\t\t\t\t<\/div>\n\t\t\t\t<\/div>\n\t\t\t\t\t<\/div>\n\t\t<\/div>\n\t\t\t\t\t<\/div>\n\t\t<\/section>\n\t\t\t\t<section class=\"elementor-section elementor-top-section elementor-element elementor-element-a62fa80 elementor-section-boxed elementor-section-height-default elementor-section-height-default\" data-id=\"a62fa80\" data-element_type=\"section\" data-e-type=\"section\">\n\t\t\t\t\t\t<div class=\"elementor-container elementor-column-gap-default\">\n\t\t\t\t\t<div class=\"elementor-column elementor-col-66 elementor-top-column elementor-element elementor-element-5c1c53e\" data-id=\"5c1c53e\" data-element_type=\"column\" data-e-type=\"column\">\n\t\t\t<div class=\"elementor-widget-wrap elementor-element-populated\">\n\t\t\t\t\t\t<div class=\"elementor-element elementor-element-76c63b3 elementor-widget elementor-widget-text-editor\" data-id=\"76c63b3\" data-element_type=\"widget\" data-e-type=\"widget\" data-widget_type=\"text-editor.default\">\n\t\t\t\t<div class=\"elementor-widget-container\">\n\t\t\t\t\t\t\t\t\t<p>\u2013 Mardi 26 mai 2020.<\/p><p>Aujourd\u2019hui, je vais tenter de construire la page \u00ab Notre famille \u00bb, notamment en ajoutant des liens sur les 7 sujets \u00e9voqu\u00e9s dans la colonne de droite. Pour cela je vais\u00a0 commencer par cr\u00e9er une page pour chaque sujet que je vais d\u00e9velopper. C\u2019est le cas de cette page que je construis actuellement. Il y a cependant des contraintes. En effet, il faut qu&rsquo;\u00e0 partir de chaque page, on puisse\u00a0 passer \u00e0 un autre sujet, donc \u00e0 une autre page. Pour cela il existe plusieurs solutions mais pour conna\u00eetre la meilleure, il faudra toutes les tester. Cela implique qu\u2019il faudra les d\u00e9couvrir et apprendre \u00e0 les utiliser.<\/p><p>\u00a0 &#8211; Mercredi 27 mai 2020\u00a0<\/p><p>\u00a0 \u00a0 Apr\u00e8s quelques recherches sur Youtube, j&rsquo;ai trouv\u00e9 La Solution : Il suffit d&rsquo;utiliser l&rsquo;extention\u00a0 \u00ab\u00a0Jet Sticky\u00a0\u00bb qui permet d&rsquo;\u00e9pingler la colonne de droite. Apr\u00e8s un essai avec la page\u00a0 \u00ab\u00a0Notre famille\u00a0\u00bb\u00a0 et bien je peux dire que \u00e7a marche bien.\u00a0<\/p><p>&#8211; Mardi 2 juin<\/p><p>J&rsquo;ai d\u00e9cid\u00e9 de mettre en ligne la page \u00ab\u00a0La belle \u00e9poque de la CiBi\u00a0\u00bb et \u00e9galement de normaliser ou plut\u00f4t mettre sur le m\u00eame mod\u00e8le les 7\u00a0 derni\u00e8res pages qui\u00a0 sont en cours de cr\u00e9ation.<\/p><p>&#8211; Mardi 9 juin 2020<\/p><p>Maintenant que le \u00ab\u00a0B\u00e9b\u00e9\u00a0\u00bb est venu au monde, autrement dit , maintenant que le site est en ligne, il faut le nourrir, l&rsquo;\u00e9toffer bref. le mettre \u00e0 jour. Aujourd&rsquo;hui, ce site f\u00eate son premier mois d&rsquo;existence&#8230;et bien\u00a0 on va faire progresser la page \u00ab\u00a0Notre R\u00e9gion\u00a0\u00bb en lui ajoutant une part de l&rsquo; histoire de France. Cette histoire de France qui a \u00e9t\u00e9 enseign\u00e9e pendant des g\u00e9n\u00e9rations avec le manuel \u00ab\u00a0L&rsquo;histoire de France\u00a0\u00bb de Ernest Lavisse \u00e0 partir du d\u00e9but du XXeme siecle.<\/p><p><img fetchpriority=\"high\" decoding=\"async\" class=\" wp-image-1865 alignleft\" src=\"https:\/\/butrulle.net\/wp-content\/uploads\/2020\/06\/histoire-de-France-par-Lavisse-192x300.jpg\" alt=\"\" width=\"211\" height=\"330\" srcset=\"https:\/\/butrulle.net\/wp-content\/uploads\/2020\/06\/histoire-de-France-par-Lavisse-192x300.jpg 192w, https:\/\/butrulle.net\/wp-content\/uploads\/2020\/06\/histoire-de-France-par-Lavisse.jpg 512w\" sizes=\"(max-width: 211px) 100vw, 211px\" \/>A sa cr\u00e9ation, ce Manuel b\u00e9n\u00e9ficie d&rsquo;un\u00a0 march\u00e9 captif\u00a0 constitu\u00e9 par les dizaines de milliers d\u2019\u00e9coles qui font l\u2019acquisition de livres pour leurs \u00e9l\u00e8ves. Les retirages sont nombreux, notamment parce qu\u2019il faut r\u00e9guli\u00e8rement les adapter aux nouveaux programmes scolaires (1909, 1920). Cette r\u00e9ussite \u00e9ditoriale, assur\u00e9e par la transmission entre g\u00e9n\u00e9rations d\u2019enseignants, garantit une audience maximale \u00e0 la vision positiviste de Lavisse, pour qui l\u2019histoire est \u00ab grande route humaine \u00bb qu\u2019il faut \u00ab suivre \u00e9tape par \u00e9tape, jusqu\u2019\u00e0 notre \u00e9tape \u00e0 nous \u00bb. Le propos simplifi\u00e9 d\u00e9velopp\u00e9 sur 272 pages, agr\u00e9ment\u00e9 de 142 gravures et appuy\u00e9 sur 17 cartes, donne \u00e0 l\u2019histoire (politique et militaire) contemporaine une part pr\u00e9pond\u00e9rante : la critique de l\u2019Ancien r\u00e9gime sert \u00e0 exalter la r\u00e9ussite de la R\u00e9publique, dont il reconna\u00eet qu\u2019elle a b\u00e9n\u00e9fici\u00e9 de quelques acquis \u2013 consolidation du territoire et construction de l\u2019\u00c9tat. Insistant sur la capacit\u00e9 du pays, unique en Europe, \u00e0 se relever apr\u00e8s chaque catastrophe et sur ses qualit\u00e9s martiales. Lavisse cr\u00e9e un cat\u00e9chisme r\u00e9publicain alliant culte de la libert\u00e9 et culte de la patrie. Cette vue romanc\u00e9e\u00a0 de l&rsquo;histoire doit \u00eatre corrig\u00e9e par les derni\u00e8res d\u00e9couvertes scientifiques et aussi\u00a0 \u00eatre accompagn\u00e9e des l\u00e9gendes que l&rsquo;on se racontait le soir, au coin du feu&#8230;.du temps o\u00f9 il n&rsquo;y avait pas encore la t\u00e9l\u00e9vision accompagn\u00e9e de son cort\u00e8ge de m\u00e9dias qui nous hypnotisent et formatent nos esprits pour nous faire accepter leur vision du monde&#8230;..Mais cela est une autre histoire.<\/p><p>&#8211; Mardi 10 Novembre 2020<\/p><p>Re-confinement depuis 15 jours&#8230;C&rsquo;est vrai, qu&rsquo;en tant\u00a0 que retrait\u00e9 b\u00e9n\u00e9ficiant d&rsquo;un jardin, ce confinement n&rsquo;est pas trop pesant. Faut pr\u00e9ciser \u00e9galement que ce nouveau confinement arrive en automne et, m\u00eame si j&rsquo;ai plusieurs travaux de jardinage en vue, cette p\u00e9riode est moins p\u00e9nalisante que le premier confinement subit d\u00e9but mars. En effet, \u00e0 l&rsquo;approche des beaux jours, on n&rsquo;a pas eu beaucoup envie de rester \u00e0 la maison.<\/p><p>Si le premier confinement m&rsquo;a lib\u00e9r\u00e9 beaucoup de temps et m&rsquo;a permis de cr\u00e9er ce site, ce second confinement me permet de\u00a0 mettre \u00e0 jour ce site que j&rsquo;avais abandonn\u00e9 depuis 5 mois.<\/p><p>Il ne faut quand m\u00eame pas que j&rsquo;attende, \u00e0 chaque fois, un nouveau confinement pour mettre \u00e0 jour ce site&#8230;.<\/p><p>\u00a0<\/p><p>&#8211; Vendredi 13 Novembre.<\/p><p>Fin Juillet, d\u00e9but Ao\u00fbt nous avons eu la chance d&rsquo;avoir nos 3 petits enfants, avec lesquels nous sommes all\u00e9s \u00e0 Bray-Dunes. Chaque matin et chaque soir, nous pouvions voir des personnes d\u00e9tecter sur la plage. Je savais que ce passe-temps int\u00e9ressait mon petit fils Victor, aussi j&rsquo;avais lou\u00e9 pour lui, un d\u00e9tecteur bas de gamme pour un mois. C&rsquo;est un d\u00e9tecteur de marque Garett Ace 150 qui est un mod\u00e8le qui a plus de 10 ans mais qui reste bon pour un d\u00e9butant.\u00a0<\/p><p>Comme j&rsquo;avais toujours un d\u00e9tecteur de marque Minelab sp\u00e9cialis\u00e9 dans la d\u00e9tection de plage, j&rsquo;ai accompagn\u00e9 mon petit fils lors de ses premi\u00e8res recherches.<\/p><p>\u00a0Mon d\u00e9tecteur avait d\u00e9j\u00e0 plus de 25 ans mais restait tr\u00e8s efficace sur la plage, notamment sur le sable mouill\u00e9 mais&#8230;..il avait un gros inconv\u00e9nient : Il \u00e9tait tr\u00e8s lourd. Si son poids n&rsquo;\u00e9tait pas trop dissuasif \u00e0 50 ans, il le devenait maintenant, \u00e0 plus de 70 ans.\u00a0<span style=\"font-size: 22px;\">Par ailleurs, le d\u00e9tecteur Garett que j&rsquo;avais lou\u00e9, bien qu&rsquo;il remplissait convenable son r\u00f4le sur le sable sec, il devenait totalement instable sur le sable mouill\u00e9.\u00a0<\/span><\/p><p><span style=\"font-size: 22px;\">De ce fait, nous avons d\u00e9cid\u00e9 d&rsquo;aller voir un vendeur de d\u00e9tecteurs \u00e0 La Panne, petite ville en Belgique situ\u00e9 \u00e0 une dizaine kilom\u00e8tres de Bray-Dunes.\u00a0<\/span><span style=\"font-size: 22px;\">Arriv\u00e9s au magasin, le vendeur m&rsquo;a dirig\u00e9 sur un d\u00e9tecteur, le mod\u00e8le Equinox 800\u00a0 de la marque Min\u00e9lab. Je connaissais un peu ce d\u00e9tecteur qui \u00e9tait sur le march\u00e9 depuis un an. J&rsquo;avais lu de nombreux articles sur ce mod\u00e8le \u00e0 sa sortie et visionn\u00e9 plusieurs vid\u00e9os de \u00ab\u00a0Youtubeurs\u00a0\u00bb qui l&rsquo;utilisaient. Apr\u00e8s une rapide prise en mains, j&rsquo;\u00e9tais totalement convaincu que ce d\u00e9tecteur \u00e9tait celui qu&rsquo;il me fallait. Il \u00e9tait beaucoup plus l\u00e9ger que mon vieux Sovereign XS et, b\u00e9n\u00e9ficiant de nombreux programmes, il \u00e9tait aussi bien plus polyvalent.<\/span><\/p><p><span style=\"font-size: 22px;\">\u00a0Apr\u00e8s n\u00e9gociation avec le vendeur, celui-ci m&rsquo;a fait une remise de 200 euros, ce qui m&rsquo;a permis d&rsquo;acheter \u00e9galement un d\u00e9tecteur \u00e0 mon petit fils. Son nouveau d\u00e9tecteur \u00e9tait un Vanquish 340, \u00e9galement de la marque Min\u00e9lab et totalement utilisable sur le sable mouill\u00e9. Inutile de vous dire que Victor \u00e9tait fou de joie et qu&rsquo;il lui tardait d&rsquo;essayer son nouveau joujou.<\/span><\/p><p><span style=\"font-size: 22px;\">Ainsi \u00e9quip\u00e9s de nos nouveaux jouets, nous avons pu passer plusieurs soir\u00e9es \u00e0 d\u00e9tecter sur la plage. J&rsquo;ai eu ainsi le plaisir de retrouver les petites joies de la d\u00e9tection \u00e0 chaque pi\u00e8ce ou chaque petit bijou que l&rsquo;on d\u00e9terre.<\/span><\/p><p><span style=\"font-size: 22px;\">\u00a0<\/span><\/p><p><span style=\"font-size: 22px;\">\u00a0<\/span><\/p><p>e<\/p><p>\u00a0<\/p>\t\t\t\t\t\t\t\t<\/div>\n\t\t\t\t<\/div>\n\t\t\t\t\t<\/div>\n\t\t<\/div>\n\t\t\t\t<div class=\"jet-sticky-column-sticky elementor-column elementor-col-33 elementor-top-column elementor-element elementor-element-b066849\" data-jet-sticky-column-settings=\"{&quot;id&quot;:&quot;b066849&quot;,&quot;sticky&quot;:true,&quot;topSpacing&quot;:50,&quot;bottomSpacing&quot;:50,&quot;stickyOn&quot;:[&quot;desktop&quot;,&quot;tablet&quot;]}\" data-id=\"b066849\" data-element_type=\"column\" data-e-type=\"column\">\n\t\t\t<div class=\"elementor-widget-wrap elementor-element-populated\">\n\t\t\t\t\t\t<div class=\"elementor-element elementor-element-e5c1cc4 elementor-widget elementor-widget-text-editor\" data-id=\"e5c1cc4\" data-element_type=\"widget\" data-e-type=\"widget\" data-widget_type=\"text-editor.default\">\n\t\t\t\t<div class=\"elementor-widget-container\">\n\t\t\t\t\t\t\t\t\t<p><strong>Quelques articles que vous aimerez peut-\u00eatre d\u00e9couvrir&#8230;<\/strong><\/p><ul><li><a href=\"https:\/\/butrulle.net\/?page_id=1710\">La belle \u00e9poque de la CiBi<\/a><\/li><li>Nos ann\u00e9es camping\/caravaning<\/li><li><a href=\"https:\/\/butrulle.net\/?page_id=1712\">Nos premiers d\u00e9tecteurs de m\u00e9taux<\/a><\/li><li><a href=\"https:\/\/butrulle.net\/?page_id=1714\">Premiers pas avec WordPress<\/a><\/li><li><a href=\"https:\/\/butrulle.net\/?page_id=72\">Notre g\u00e9n\u00e9alogie<\/a><\/li><li><a href=\"https:\/\/butrulle.net\/?page_id=1310\">Notre R\u00e9gion<\/a><\/li><li><a href=\"https:\/\/butrulle.net\/?page_id=1319\">Contactez-nous<\/a><\/li><\/ul>\t\t\t\t\t\t\t\t<\/div>\n\t\t\t\t<\/div>\n\t\t\t\t\t<\/div>\n\t\t<\/div>\n\t\t\t\t\t<\/div>\n\t\t<\/section>\n\t\t\t\t<\/div>\n\t\t","protected":false},"excerpt":{"rendered":"<p>Derni\u00e8res nouvelles&#8230; Dans cette page, vous allez d\u00e9couvrir les derni\u00e8res anecdotes\u00a0 portant sur notre famille, notre r\u00e9gion et les r\u00e9flexions qui nous viennent \u00e0 l&rsquo;esprit face \u00e0 l&rsquo;actualit\u00e9.\u00a0 \u2013 Mardi 26 mai 2020. Aujourd\u2019hui, je vais tenter de construire la page \u00ab Notre famille \u00bb, notamment en ajoutant des liens sur les 7 sujets \u00e9voqu\u00e9s [&hellip;]<\/p>\n","protected":false},"author":1,"featured_media":0,"parent":0,"menu_order":0,"comment_status":"closed","ping_status":"closed","template":"elementor_header_footer","meta":{"ocean_post_layout":"","ocean_both_sidebars_style":"","ocean_both_sidebars_content_width":0,"ocean_both_sidebars_sidebars_width":0,"ocean_sidebar":"","ocean_second_sidebar":"","ocean_disable_margins":"enable","ocean_add_body_class":"","ocean_shortcode_before_top_bar":"","ocean_shortcode_after_top_bar":"","ocean_shortcode_before_header":"","ocean_shortcode_after_header":"","ocean_has_shortcode":"","ocean_shortcode_after_title":"","ocean_shortcode_before_footer_widgets":"","ocean_shortcode_after_footer_widgets":"","ocean_shortcode_before_footer_bottom":"","ocean_shortcode_after_footer_bottom":"","ocean_display_top_bar":"default","ocean_display_header":"default","ocean_header_style":"","ocean_center_header_left_menu":"","ocean_custom_header_template":"","ocean_custom_logo":0,"ocean_custom_retina_logo":0,"ocean_custom_logo_max_width":0,"ocean_custom_logo_tablet_max_width":0,"ocean_custom_logo_mobile_max_width":0,"ocean_custom_logo_max_height":0,"ocean_custom_logo_tablet_max_height":0,"ocean_custom_logo_mobile_max_height":0,"ocean_header_custom_menu":"","ocean_menu_typo_font_family":"","ocean_menu_typo_font_subset":"","ocean_menu_typo_font_size":0,"ocean_menu_typo_font_size_tablet":0,"ocean_menu_typo_font_size_mobile":0,"ocean_menu_typo_font_size_unit":"px","ocean_menu_typo_font_weight":"","ocean_menu_typo_font_weight_tablet":"","ocean_menu_typo_font_weight_mobile":"","ocean_menu_typo_transform":"","ocean_menu_typo_transform_tablet":"","ocean_menu_typo_transform_mobile":"","ocean_menu_typo_line_height":0,"ocean_menu_typo_line_height_tablet":0,"ocean_menu_typo_line_height_mobile":0,"ocean_menu_typo_line_height_unit":"","ocean_menu_typo_spacing":0,"ocean_menu_typo_spacing_tablet":0,"ocean_menu_typo_spacing_mobile":0,"ocean_menu_typo_spacing_unit":"","ocean_menu_link_color":"","ocean_menu_link_color_hover":"","ocean_menu_link_color_active":"","ocean_menu_link_background":"","ocean_menu_link_hover_background":"","ocean_menu_link_active_background":"","ocean_menu_social_links_bg":"","ocean_menu_social_hover_links_bg":"","ocean_menu_social_links_color":"","ocean_menu_social_hover_links_color":"","ocean_disable_title":"default","ocean_disable_heading":"default","ocean_post_title":"","ocean_post_subheading":"","ocean_post_title_style":"","ocean_post_title_background_color":"","ocean_post_title_background":0,"ocean_post_title_bg_image_position":"","ocean_post_title_bg_image_attachment":"","ocean_post_title_bg_image_repeat":"","ocean_post_title_bg_image_size":"","ocean_post_title_height":0,"ocean_post_title_bg_overlay":0.5,"ocean_post_title_bg_overlay_color":"","ocean_disable_breadcrumbs":"default","ocean_breadcrumbs_color":"","ocean_breadcrumbs_separator_color":"","ocean_breadcrumbs_links_color":"","ocean_breadcrumbs_links_hover_color":"","ocean_display_footer_widgets":"default","ocean_display_footer_bottom":"default","ocean_custom_footer_template":"","footnotes":""},"class_list":["post-1706","page","type-page","status-publish","hentry","entry"],"_links":{"self":[{"href":"https:\/\/butrulle.net\/index.php?rest_route=\/wp\/v2\/pages\/1706","targetHints":{"allow":["GET"]}}],"collection":[{"href":"https:\/\/butrulle.net\/index.php?rest_route=\/wp\/v2\/pages"}],"about":[{"href":"https:\/\/butrulle.net\/index.php?rest_route=\/wp\/v2\/types\/page"}],"author":[{"embeddable":true,"href":"https:\/\/butrulle.net\/index.php?rest_route=\/wp\/v2\/users\/1"}],"replies":[{"embeddable":true,"href":"https:\/\/butrulle.net\/index.php?rest_route=%2Fwp%2Fv2%2Fcomments&post=1706"}],"version-history":[{"count":55,"href":"https:\/\/butrulle.net\/index.php?rest_route=\/wp\/v2\/pages\/1706\/revisions"}],"predecessor-version":[{"id":2136,"href":"https:\/\/butrulle.net\/index.php?rest_route=\/wp\/v2\/pages\/1706\/revisions\/2136"}],"wp:attachment":[{"href":"https:\/\/butrulle.net\/index.php?rest_route=%2Fwp%2Fv2%2Fmedia&parent=1706"}],"curies":[{"name":"wp","href":"https:\/\/api.w.org\/{rel}","templated":true}]}}