{"id":1506,"date":"2020-05-21T09:43:29","date_gmt":"2020-05-21T07:43:29","guid":{"rendered":"https:\/\/butrulle.net\/?page_id=1506"},"modified":"2020-11-11T20:46:45","modified_gmt":"2020-11-11T18:46:45","slug":"notre-famille","status":"publish","type":"page","link":"https:\/\/butrulle.net\/?page_id=1506","title":{"rendered":"Notre famille"},"content":{"rendered":"\t\t<div data-elementor-type=\"wp-page\" data-elementor-id=\"1506\" class=\"elementor elementor-1506\">\n\t\t\t\t\t\t<section class=\"elementor-section elementor-top-section elementor-element elementor-element-6cefad2 elementor-section-boxed elementor-section-height-default elementor-section-height-default\" data-id=\"6cefad2\" data-element_type=\"section\" data-e-type=\"section\">\n\t\t\t\t\t\t<div class=\"elementor-container elementor-column-gap-default\">\n\t\t\t\t\t<div class=\"elementor-column elementor-col-100 elementor-top-column elementor-element elementor-element-8166106\" data-id=\"8166106\" data-element_type=\"column\" data-e-type=\"column\">\n\t\t\t<div class=\"elementor-widget-wrap elementor-element-populated\">\n\t\t\t\t\t\t<div class=\"elementor-element elementor-element-dfd8b46 elementor-widget elementor-widget-heading\" data-id=\"dfd8b46\" data-element_type=\"widget\" data-e-type=\"widget\" data-widget_type=\"heading.default\">\n\t\t\t\t<div class=\"elementor-widget-container\">\n\t\t\t\t\t<h2 class=\"elementor-heading-title elementor-size-xl\">Notre famille : Un peu de tout......<\/h2>\t\t\t\t<\/div>\n\t\t\t\t<\/div>\n\t\t\t\t\t<\/div>\n\t\t<\/div>\n\t\t\t\t\t<\/div>\n\t\t<\/section>\n\t\t\t\t<section class=\"elementor-section elementor-top-section elementor-element elementor-element-a2dfa55 elementor-section-boxed elementor-section-height-default elementor-section-height-default\" data-id=\"a2dfa55\" data-element_type=\"section\" data-e-type=\"section\">\n\t\t\t\t\t\t<div class=\"elementor-container elementor-column-gap-default\">\n\t\t\t\t\t<div class=\"elementor-column elementor-col-66 elementor-top-column elementor-element elementor-element-1cd8522\" data-id=\"1cd8522\" data-element_type=\"column\" data-e-type=\"column\">\n\t\t\t<div class=\"elementor-widget-wrap elementor-element-populated\">\n\t\t\t\t\t\t<div class=\"elementor-element elementor-element-6b3542a elementor-widget elementor-widget-text-editor\" data-id=\"6b3542a\" data-element_type=\"widget\" data-e-type=\"widget\" data-widget_type=\"text-editor.default\">\n\t\t\t\t<div class=\"elementor-widget-container\">\n\t\t\t\t\t\t\t\t\t<p>Comme indiqu\u00e9 dans le titre, nous allons vous d\u00e9voiler ici, tout ce qui touche \u00e0 notre famille. Nous allons parler de nos loisirs, de nos enfants et petits enfants, de nos projets et de l&rsquo;actualit\u00e9.<\/p>\n<p>Nous avons la chance d&rsquo;avoir connu une \u00e9poque&nbsp; bien diff\u00e9rente de celle que nous vivons actuellement. On se sentait&nbsp; plus libre,&nbsp; moins \u00ab\u00a0fliqu\u00e9s\u00a0\u00bb que maintenant et, d&rsquo;une mani\u00e8re g\u00e9n\u00e9rale,&nbsp; les gens \u00e9taient moins stress\u00e9s.&nbsp; C&rsquo;est vrai que durant l&rsquo;\u00e9poque des \u00ab\u00a030 glorieuses\u00a0\u00bb le ch\u00f4mage n&rsquo;\u00e9tait pas le soucis principal des fran\u00e7ais. D&rsquo;autre part, les m\u00e9dias, par le biais de la t\u00e9l\u00e9vision \u00e9taient moins pr\u00e9sents dans la vie des fran\u00e7ais. On sentait moins leur main-mise sur nos d\u00e9cisions et notre vie. Aujourd&rsquo;hui, on a l&rsquo;impression que les m\u00e9dias prennent plaisir \u00e0 nous ass\u00e9ner, \u00e0 chaque instant, de mauvaises nouvelles, \u00e0 nous&nbsp; &nbsp;raconter en boucles incessantes le dernier attentat, la derni\u00e8re \u00e9meute, la derni\u00e8re catastrophe, le tout ponctu\u00e9 par des images de bless\u00e9s, de drame,&nbsp; d&rsquo;incendie, de familles en pleurs&#8230;..Bref, tout ce qui fait vendre, tout ce qui peut apporter des points d&rsquo;audience et ainsi amener les publicitaires&#8230;..qui payent tout ce petit monde.&nbsp;<\/p>\n<p>Sans faire de pass\u00e9isme, il ne faut pas se voiler la face. Ce n&rsquo;est pas simplement une impression g\u00e9n\u00e9rale, mais notre \u00e9poque me semble plus oppressante&nbsp; qu&rsquo;il&nbsp; y a 50 ans. C&rsquo;est vrai que les m\u00e9dias s&rsquo;enferment dans leur sinistrose et, avec leur cort\u00e8ge de mauvaises nouvelles, y sont pour quelque chose, mais, pas que.<\/p>\n<p>Ce qui a surtout chang\u00e9, ce sont ces cit\u00e9s gangren\u00e9es par la drogue, ces zones de non-droit o\u00f9 la police n&rsquo;ose pas intervenir. Ce sont des poudri\u00e8res en puissance que l&rsquo;Etat ne sait pas comment traiter et que les \u00e9lus locaux prot\u00e8gent en \u00e9change de leurs votes. Mais t\u00f4t ou tard, cela va exploser&#8230;<\/p>\n<p>&nbsp;Enfin, le culte et l&rsquo;\u00e9mergence d&rsquo;une g\u00e9n\u00e9ration d&rsquo; \u00ab\u00a0enfant-roi\u00a0\u00bb&nbsp; depuis une bonne dizaine d&rsquo;ann\u00e9es, a de quoi inqui\u00e9ter n&rsquo;importe qui.&nbsp;<\/p>\n<p>Par d\u00e9finition, l&rsquo;enfant-roi est \u00e9gocentrique, revendique et se plaint constamment. Il refuse d&rsquo;aider, il a besoin de capter l&rsquo;attention et de se faire remarquer. Il est intol\u00e9rant aux frustrations, il est agressif et surtout, manque de socialisation.<\/p>\n<p>Pourquoi ? et bien tout se passe au sein de sa famille. L&rsquo;enfant-roi est le nombril de la famille, sans limite et sans devoir, amoral,&nbsp; \u00e9go\u00efste, manipulateur, consid\u00e9r\u00e9 trop t\u00f4t comme un adulte, \u00e0 qui on passe tout. En fait il agit en tyran mais il est aussi victime de ses parents.<\/p><p>M\u00eame si l&rsquo;enfant-roi ne repr\u00e9sente que 10% des \u00e9l\u00e8ves, d&rsquo;une classe, les professeurs constatent qu&rsquo;il leur prend 80% de leur temps et de leur \u00e9nergie, au d\u00e9triment des autres \u00e9l\u00e8ves.&nbsp;<\/p><p>Quoiqu&rsquo;il en soit, on verra dans une d\u00e9cennie ce qui en r\u00e9sultera&#8230;<\/p><p>Notre \u00e9poque est celle&nbsp;<span style=\"font-size: 22px;\">o\u00f9&nbsp; nous avons d\u00e9couvert la CiBi, les d\u00e9tecteurs de m\u00e9taux, le camping sauvage&#8230;&#8230; Nos enfants, eux, sont n\u00e9s avec le t\u00e9l\u00e9phone portable, internet, et aussi bien d&rsquo;autres nouvelles technologies qui ont apport\u00e9 bien des changements dans notre vie de tous les jours.<\/span><\/p>\n<p>Cette page est en cours de construction&#8230;..En attendant qu&rsquo;elle s&rsquo;\u00e9toffe, nous vous invitons \u00e0 d\u00e9couvrir notre g\u00e9n\u00e9alogie, les photos de nos anc\u00eatres ou notre R\u00e9gion.<\/p>\t\t\t\t\t\t\t\t<\/div>\n\t\t\t\t<\/div>\n\t\t\t\t\t<\/div>\n\t\t<\/div>\n\t\t\t\t<div class=\"jet-sticky-column-sticky elementor-column elementor-col-33 elementor-top-column elementor-element elementor-element-2246df3 elementor-hidden-phone\" data-jet-sticky-column-settings=\"{&quot;id&quot;:&quot;2246df3&quot;,&quot;sticky&quot;:true,&quot;topSpacing&quot;:30,&quot;bottomSpacing&quot;:50,&quot;stickyOn&quot;:[&quot;desktop&quot;,&quot;tablet&quot;]}\" data-id=\"2246df3\" data-element_type=\"column\" data-e-type=\"column\">\n\t\t\t<div class=\"elementor-widget-wrap elementor-element-populated\">\n\t\t\t\t\t\t<div class=\"elementor-element elementor-element-9233b0e elementor-widget elementor-widget-text-editor\" data-id=\"9233b0e\" data-element_type=\"widget\" data-e-type=\"widget\" data-widget_type=\"text-editor.default\">\n\t\t\t\t<div class=\"elementor-widget-container\">\n\t\t\t\t\t\t\t\t\t<h2>En cours de cr\u00e9ation :<\/h2><h2>Quelques articles qui pourraient vous int\u00e9resser<\/h2><ul><li><a href=\"https:\/\/butrulle.net\/?page_id=1706\">Derni\u00e8res nouvelles<\/a>&#8230;<\/li><li><a href=\"https:\/\/butrulle.net\/?page_id=1710\">La belle \u00e9poque de la CiBi<\/a><\/li><li>Nos ann\u00e9es Camping\/Caravaning<\/li><li><a href=\"https:\/\/butrulle.net\/?page_id=1712\">Nos premiers d\u00e9tecteurs de m\u00e9taux<\/a><\/li><li><a href=\"https:\/\/butrulle.net\/?page_id=1714\">Premiers pas avec WordPress<\/a><\/li><li><a href=\"https:\/\/butrulle.net\/?page_id=72\">Notre g\u00e9n\u00e9alogie<\/a><\/li><li><a href=\"https:\/\/butrulle.net\/?page_id=1310\">Notre R\u00e9gion<\/a><\/li><li><a href=\"https:\/\/butrulle.net\/?page_id=1319\">Contactez-nous<\/a><\/li><\/ul>\t\t\t\t\t\t\t\t<\/div>\n\t\t\t\t<\/div>\n\t\t\t\t\t<\/div>\n\t\t<\/div>\n\t\t\t\t\t<\/div>\n\t\t<\/section>\n\t\t\t\t<section class=\"elementor-section elementor-top-section elementor-element elementor-element-896ac3b elementor-section-boxed elementor-section-height-default elementor-section-height-default\" data-id=\"896ac3b\" data-element_type=\"section\" data-e-type=\"section\">\n\t\t\t\t\t\t<div class=\"elementor-container elementor-column-gap-default\">\n\t\t\t\t\t<div class=\"elementor-column elementor-col-100 elementor-top-column elementor-element elementor-element-55c7566\" data-id=\"55c7566\" data-element_type=\"column\" data-e-type=\"column\">\n\t\t\t<div class=\"elementor-widget-wrap elementor-element-populated\">\n\t\t\t\t\t\t<div class=\"elementor-element elementor-element-83b328b elementor-widget elementor-widget-image\" data-id=\"83b328b\" data-element_type=\"widget\" data-e-type=\"widget\" data-widget_type=\"image.default\">\n\t\t\t\t<div class=\"elementor-widget-container\">\n\t\t\t\t\t\t\t\t\t\t\t\t\t\t\t<img fetchpriority=\"high\" decoding=\"async\" width=\"1024\" height=\"355\" src=\"https:\/\/butrulle.net\/wp-content\/uploads\/2020\/05\/groupe-chaise-1975-1024x355.jpg\" class=\"attachment-large size-large wp-image-1622\" alt=\"vacances 1975\" srcset=\"https:\/\/butrulle.net\/wp-content\/uploads\/2020\/05\/groupe-chaise-1975-1024x355.jpg 1024w, https:\/\/butrulle.net\/wp-content\/uploads\/2020\/05\/groupe-chaise-1975-300x104.jpg 300w, https:\/\/butrulle.net\/wp-content\/uploads\/2020\/05\/groupe-chaise-1975-768x266.jpg 768w, https:\/\/butrulle.net\/wp-content\/uploads\/2020\/05\/groupe-chaise-1975-1536x532.jpg 1536w, https:\/\/butrulle.net\/wp-content\/uploads\/2020\/05\/groupe-chaise-1975-2048x709.jpg 2048w\" sizes=\"(max-width: 1024px) 100vw, 1024px\" \/>\t\t\t\t\t\t\t\t\t\t\t\t\t\t\t<\/div>\n\t\t\t\t<\/div>\n\t\t\t\t\t<\/div>\n\t\t<\/div>\n\t\t\t\t\t<\/div>\n\t\t<\/section>\n\t\t\t\t<\/div>\n\t\t","protected":false},"excerpt":{"rendered":"<p>Notre famille : Un peu de tout&#8230;&#8230; Comme indiqu\u00e9 dans le titre, nous allons vous d\u00e9voiler ici, tout ce qui touche \u00e0 notre famille. Nous allons parler de nos loisirs, de nos enfants et petits enfants, de nos projets et de l&rsquo;actualit\u00e9. Nous avons la chance d&rsquo;avoir connu une \u00e9poque&nbsp; bien diff\u00e9rente de celle que [&hellip;]<\/p>\n","protected":false},"author":1,"featured_media":0,"parent":0,"menu_order":0,"comment_status":"closed","ping_status":"closed","template":"elementor_header_footer","meta":{"ocean_post_layout":"","ocean_both_sidebars_style":"","ocean_both_sidebars_content_width":0,"ocean_both_sidebars_sidebars_width":0,"ocean_sidebar":"","ocean_second_sidebar":"","ocean_disable_margins":"enable","ocean_add_body_class":"","ocean_shortcode_before_top_bar":"","ocean_shortcode_after_top_bar":"","ocean_shortcode_before_header":"","ocean_shortcode_after_header":"","ocean_has_shortcode":"","ocean_shortcode_after_title":"","ocean_shortcode_before_footer_widgets":"","ocean_shortcode_after_footer_widgets":"","ocean_shortcode_before_footer_bottom":"","ocean_shortcode_after_footer_bottom":"","ocean_display_top_bar":"default","ocean_display_header":"default","ocean_header_style":"","ocean_center_header_left_menu":"","ocean_custom_header_template":"","ocean_custom_logo":0,"ocean_custom_retina_logo":0,"ocean_custom_logo_max_width":0,"ocean_custom_logo_tablet_max_width":0,"ocean_custom_logo_mobile_max_width":0,"ocean_custom_logo_max_height":0,"ocean_custom_logo_tablet_max_height":0,"ocean_custom_logo_mobile_max_height":0,"ocean_header_custom_menu":"","ocean_menu_typo_font_family":"","ocean_menu_typo_font_subset":"","ocean_menu_typo_font_size":0,"ocean_menu_typo_font_size_tablet":0,"ocean_menu_typo_font_size_mobile":0,"ocean_menu_typo_font_size_unit":"px","ocean_menu_typo_font_weight":"","ocean_menu_typo_font_weight_tablet":"","ocean_menu_typo_font_weight_mobile":"","ocean_menu_typo_transform":"","ocean_menu_typo_transform_tablet":"","ocean_menu_typo_transform_mobile":"","ocean_menu_typo_line_height":0,"ocean_menu_typo_line_height_tablet":0,"ocean_menu_typo_line_height_mobile":0,"ocean_menu_typo_line_height_unit":"","ocean_menu_typo_spacing":0,"ocean_menu_typo_spacing_tablet":0,"ocean_menu_typo_spacing_mobile":0,"ocean_menu_typo_spacing_unit":"","ocean_menu_link_color":"","ocean_menu_link_color_hover":"","ocean_menu_link_color_active":"","ocean_menu_link_background":"","ocean_menu_link_hover_background":"","ocean_menu_link_active_background":"","ocean_menu_social_links_bg":"","ocean_menu_social_hover_links_bg":"","ocean_menu_social_links_color":"","ocean_menu_social_hover_links_color":"","ocean_disable_title":"default","ocean_disable_heading":"default","ocean_post_title":"","ocean_post_subheading":"","ocean_post_title_style":"","ocean_post_title_background_color":"","ocean_post_title_background":0,"ocean_post_title_bg_image_position":"","ocean_post_title_bg_image_attachment":"","ocean_post_title_bg_image_repeat":"","ocean_post_title_bg_image_size":"","ocean_post_title_height":0,"ocean_post_title_bg_overlay":0.5,"ocean_post_title_bg_overlay_color":"","ocean_disable_breadcrumbs":"default","ocean_breadcrumbs_color":"","ocean_breadcrumbs_separator_color":"","ocean_breadcrumbs_links_color":"","ocean_breadcrumbs_links_hover_color":"","ocean_display_footer_widgets":"default","ocean_display_footer_bottom":"default","ocean_custom_footer_template":"","footnotes":""},"class_list":["post-1506","page","type-page","status-publish","hentry","entry"],"_links":{"self":[{"href":"https:\/\/butrulle.net\/index.php?rest_route=\/wp\/v2\/pages\/1506","targetHints":{"allow":["GET"]}}],"collection":[{"href":"https:\/\/butrulle.net\/index.php?rest_route=\/wp\/v2\/pages"}],"about":[{"href":"https:\/\/butrulle.net\/index.php?rest_route=\/wp\/v2\/types\/page"}],"author":[{"embeddable":true,"href":"https:\/\/butrulle.net\/index.php?rest_route=\/wp\/v2\/users\/1"}],"replies":[{"embeddable":true,"href":"https:\/\/butrulle.net\/index.php?rest_route=%2Fwp%2Fv2%2Fcomments&post=1506"}],"version-history":[{"count":49,"href":"https:\/\/butrulle.net\/index.php?rest_route=\/wp\/v2\/pages\/1506\/revisions"}],"predecessor-version":[{"id":2119,"href":"https:\/\/butrulle.net\/index.php?rest_route=\/wp\/v2\/pages\/1506\/revisions\/2119"}],"wp:attachment":[{"href":"https:\/\/butrulle.net\/index.php?rest_route=%2Fwp%2Fv2%2Fmedia&parent=1506"}],"curies":[{"name":"wp","href":"https:\/\/api.w.org\/{rel}","templated":true}]}}